{"id":1290,"date":"2023-03-21T03:10:52","date_gmt":"2023-03-21T03:10:52","guid":{"rendered":"https:\/\/pinkmate.vn\/?page_id=1290"},"modified":"2024-05-17T04:41:24","modified_gmt":"2024-05-17T04:41:24","slug":"huong-dan-thanh-toan","status":"publish","type":"page","link":"https:\/\/pinkmate.vn\/en\/huong-dan-thanh-toan\/","title":{"rendered":"H\u01b0\u1edbng d\u1eabn thanh to\u00e1n"},"content":{"rendered":"<h4><b>1. C\u00e1c H\u00ecnh Th\u1ee9c Thanh To\u00e1n<\/b><\/h4>\n<p><span style=\"font-weight: 400;\">T\u1ea1i Pinkmate, vi\u1ec7c mua s\u1eafm tr\u1ef1c tuy\u1ebfn tr\u1edf n\u00ean th\u1eadt d\u1ec5 d\u00e0ng v\u1edbi c\u00e1c h\u00ecnh th\u1ee9c thanh to\u00e1n ti\u1ec7n l\u1ee3i v\u00e0 linh ho\u1ea1t: thanh to\u00e1n khi nh\u1eadn h\u00e0ng (COD \/ Cash On Delivery) &amp; thanh to\u00e1n b\u1eb1ng th\u1ebb ATM n\u1ed9i \u0111\u1ecba.<\/span><\/p>\n<h4><b>2. H\u01b0\u1edbng D\u1eabn Chi Ti\u1ebft C\u00e1ch Th\u1ee9c Thanh To\u00e1n<\/b><\/h4>\n<ul>\n<li><b>Thanh to\u00e1n khi nh\u1eadn h\u00e0ng (COD \/ Cash On Delivery)<\/b><\/li>\n<\/ul>\n<p><span style=\"font-weight: 400;\">L\u00e0 c\u00e1ch thanh to\u00e1n d\u1ec5 d\u00e0ng nh\u1ea5t, \u0111\u1eb7c bi\u1ec7t khi qu\u00fd kh\u00e1ch kh\u00f4ng quen v\u1edbi c\u00e1c h\u00ecnh th\u1ee9c thanh to\u00e1n tr\u1ef1c tuy\u1ebfn. Trong qu\u00e1 tr\u00ecnh \u0111\u1eb7t h\u00e0ng, h\u00e3y ch\u1ecdn Thanh to\u00e1n khi nh\u1eadn h\u00e0ng trong ph\u1ea7n Ph\u01b0\u01a1ng th\u1ee9c thanh to\u00e1n.<\/span><\/p>\n<p><span style=\"font-weight: 400;\">Ngay sau khi nh\u1eadn \u0111\u01b0\u1ee3c \u0111\u01a1n h\u00e0ng, Pinkmate s\u1ebd x\u00e1c nh\u1eadn v\u1edbi qu\u00fd kh\u00e1ch qua \u0111i\u1ec7n tho\u1ea1i ho\u1eb7c email, sau \u0111\u00f3 ti\u1ebfn h\u00e0nh th\u1ef1c hi\u1ec7n \u0111\u01a1n h\u00e0ng v\u00e0 giao h\u00e0ng trong th\u1eddi gian quy \u0111\u1ecbnh. Pinkmate c\u0169ng s\u1ebd th\u01b0\u1eddng xuy\u00ean c\u1eadp nh\u1eadt tr\u1ea1ng th\u00e1i \u0111\u01a1n h\u00e0ng c\u1ee7a qu\u00fd kh\u00e1ch th\u00f4ng qua email ho\u1eb7c tin nh\u1eafn SMS.<\/span><\/p>\n<ul>\n<li><b>Thanh to\u00e1n b\u1eb1ng th\u1ebb ATM n\u1ed9i \u0111\u1ecba<\/b><\/li>\n<\/ul>\n<p>Trong qu\u00e1 tr\u00ecnh \u0111\u1eb7t h\u00e0ng, t\u1ea1i b\u01b0\u1edbc Ph\u01b0\u01a1ng th\u1ee9c thanh to\u00e1n h\u00e3y ch\u1ecdn Chuy\u1ec3n kho\u1ea3n qua ng\u00e2n h\u00e0ng.<\/p>\n<p>Qu\u00fd kh\u00e1ch vui l\u00f2ng li\u00ean h\u1ec7 b\u1ed9 ph\u1eadn ch\u0103m s\u00f3c kh\u00e1ch h\u00e0ng \u0111\u1ec3 \u0111\u01b0\u1ee3c x\u00e1c nh\u1eadn t\u00e0i kho\u1ea3n thanh to\u00e1n.<\/p>\n<p><strong><em>Hotline:<\/em><\/strong> (+84) 961 924 300<\/p>\n<p><span style=\"font-weight: 400;\"><strong><em>Th\u00f4ng tin li\u00ean h\u1ec7:<\/em><\/strong> Pinkmate<\/span><\/p>\n<p><span style=\"font-weight: 400;\"><strong><em>Website:<\/em><\/strong> <a href=\"https:\/\/pinkmate.vn\/en\/\">pinkmate.vn<\/a><\/span><\/p>\n<p><span style=\"font-weight: 400;\"><em><strong>Email:<\/strong><\/em> <a href=\"mailto:pinkteam@bcnv.org.vn\">pinkteam@bcnv.org.vn<\/a><\/span><\/p>","protected":false},"excerpt":{"rendered":"<p>1. C\u00e1c H\u00ecnh Th\u1ee9c Thanh To\u00e1n T\u1ea1i Pinkmate, vi\u1ec7c mua s\u1eafm tr\u1ef1c tuy\u1ebfn tr\u1edf n\u00ean th\u1eadt d\u1ec5 d\u00e0ng v\u1edbi c\u00e1c h\u00ecnh th\u1ee9c thanh to\u00e1n ti\u1ec7n l\u1ee3i v\u00e0 linh ho\u1ea1t: thanh to\u00e1n khi nh\u1eadn h\u00e0ng (COD \/ Cash On Delivery) &amp; thanh to\u00e1n b\u1eb1ng th\u1ebb ATM n\u1ed9i \u0111\u1ecba. 2. H\u01b0\u1edbng D\u1eabn Chi Ti\u1ebft C\u00e1ch Th\u1ee9c Thanh [&hellip;]<\/p>","protected":false},"author":1,"featured_media":0,"parent":0,"menu_order":0,"comment_status":"closed","ping_status":"closed","template":"","meta":{"footnotes":""},"class_list":["post-1290","page","type-page","status-publish","hentry"],"_links":{"self":[{"href":"https:\/\/pinkmate.vn\/en\/wp-json\/wp\/v2\/pages\/1290","targetHints":{"allow":["GET"]}}],"collection":[{"href":"https:\/\/pinkmate.vn\/en\/wp-json\/wp\/v2\/pages"}],"about":[{"href":"https:\/\/pinkmate.vn\/en\/wp-json\/wp\/v2\/types\/page"}],"author":[{"embeddable":true,"href":"https:\/\/pinkmate.vn\/en\/wp-json\/wp\/v2\/users\/1"}],"replies":[{"embeddable":true,"href":"https:\/\/pinkmate.vn\/en\/wp-json\/wp\/v2\/comments?post=1290"}],"version-history":[{"count":4,"href":"https:\/\/pinkmate.vn\/en\/wp-json\/wp\/v2\/pages\/1290\/revisions"}],"predecessor-version":[{"id":2382,"href":"https:\/\/pinkmate.vn\/en\/wp-json\/wp\/v2\/pages\/1290\/revisions\/2382"}],"wp:attachment":[{"href":"https:\/\/pinkmate.vn\/en\/wp-json\/wp\/v2\/media?parent=1290"}],"curies":[{"name":"wp","href":"https:\/\/api.w.org\/{rel}","templated":true}]}}