{"id":1468,"date":"2023-04-09T12:00:12","date_gmt":"2023-04-09T12:00:12","guid":{"rendered":"https:\/\/pinkmate.vn\/?page_id=1468"},"modified":"2023-04-11T03:22:38","modified_gmt":"2023-04-11T03:22:38","slug":"thank-you-donate","status":"publish","type":"page","link":"https:\/\/pinkmate.vn\/en\/thank-you-donate\/","title":{"rendered":"Thank you donate"},"content":{"rendered":"<div data-elementor-type=\"wp-page\" data-elementor-id=\"1468\" class=\"elementor elementor-1468\" data-elementor-post-type=\"page\">\n\t\t\t\t<div class=\"elementor-element elementor-element-4bbcf27 e-flex e-con-boxed e-con e-parent\" data-id=\"4bbcf27\" data-element_type=\"container\">\n\t\t\t\t\t<div class=\"e-con-inner\">\n\t\t\t\t<div class=\"elementor-element elementor-element-d5fb997 elementor-widget elementor-widget-image\" data-id=\"d5fb997\" data-element_type=\"widget\" data-widget_type=\"image.default\">\n\t\t\t\t<div class=\"elementor-widget-container\">\n\t\t\t<style>\/*! elementor - v3.21.0 - 08-05-2024 *\/\n.elementor-widget-image{text-align:center}.elementor-widget-image a{display:inline-block}.elementor-widget-image a img[src$=\".svg\"]{width:48px}.elementor-widget-image img{vertical-align:middle;display:inline-block}<\/style>\t\t\t\t\t\t\t\t\t\t<img fetchpriority=\"high\" decoding=\"async\" width=\"800\" height=\"467\" src=\"https:\/\/pinkmate.vn\/wp-content\/uploads\/2023\/04\/anh4_daew.jpeg\" class=\"attachment-large size-large wp-image-1500\" alt=\"\" srcset=\"https:\/\/pinkmate.vn\/wp-content\/uploads\/2023\/04\/anh4_daew.jpeg 900w, https:\/\/pinkmate.vn\/wp-content\/uploads\/2023\/04\/anh4_daew-300x175.jpeg 300w, https:\/\/pinkmate.vn\/wp-content\/uploads\/2023\/04\/anh4_daew-768x448.jpeg 768w, https:\/\/pinkmate.vn\/wp-content\/uploads\/2023\/04\/anh4_daew-18x12.jpeg 18w, https:\/\/pinkmate.vn\/wp-content\/uploads\/2023\/04\/anh4_daew-600x350.jpeg 600w\" sizes=\"(max-width: 800px) 100vw, 800px\" \/>\t\t\t\t\t\t\t\t\t\t\t\t\t<\/div>\n\t\t\t\t<\/div>\n\t\t\t\t<div class=\"elementor-element elementor-element-ac24086 elementor-widget elementor-widget-heading\" data-id=\"ac24086\" data-element_type=\"widget\" data-widget_type=\"heading.default\">\n\t\t\t\t<div class=\"elementor-widget-container\">\n\t\t\t<style>\/*! elementor - v3.21.0 - 08-05-2024 *\/\n.elementor-heading-title{padding:0;margin:0;line-height:1}.elementor-widget-heading .elementor-heading-title[class*=elementor-size-]>a{color:inherit;font-size:inherit;line-height:inherit}.elementor-widget-heading .elementor-heading-title.elementor-size-small{font-size:15px}.elementor-widget-heading .elementor-heading-title.elementor-size-medium{font-size:19px}.elementor-widget-heading .elementor-heading-title.elementor-size-large{font-size:29px}.elementor-widget-heading .elementor-heading-title.elementor-size-xl{font-size:39px}.elementor-widget-heading .elementor-heading-title.elementor-size-xxl{font-size:59px}<\/style><h2 class=\"elementor-heading-title elementor-size-default\">C\u00e1m \u01a1n [billing_name] \u0111\u00e3 \u0111\u1eb7t h\u00e0ng &amp; \u1ee7ng h\u00f4 v\u00e0o qu\u1ef9!<\/h2>\t\t<\/div>\n\t\t\t\t<\/div>\n\t\t\t\t\t<\/div>\n\t\t\t\t<\/div>\n\t\t\t\t<\/div>","protected":false},"excerpt":{"rendered":"<p>C\u00e1m \u01a1n [billing_name] \u0111\u00e3 \u0111\u1eb7t h\u00e0ng &amp; \u1ee7ng h\u00f4 v\u00e0o qu\u1ef9!<\/p>","protected":false},"author":1,"featured_media":0,"parent":0,"menu_order":0,"comment_status":"closed","ping_status":"closed","template":"elementor_canvas","meta":{"footnotes":""},"class_list":["post-1468","page","type-page","status-publish","hentry"],"_links":{"self":[{"href":"https:\/\/pinkmate.vn\/en\/wp-json\/wp\/v2\/pages\/1468","targetHints":{"allow":["GET"]}}],"collection":[{"href":"https:\/\/pinkmate.vn\/en\/wp-json\/wp\/v2\/pages"}],"about":[{"href":"https:\/\/pinkmate.vn\/en\/wp-json\/wp\/v2\/types\/page"}],"author":[{"embeddable":true,"href":"https:\/\/pinkmate.vn\/en\/wp-json\/wp\/v2\/users\/1"}],"replies":[{"embeddable":true,"href":"https:\/\/pinkmate.vn\/en\/wp-json\/wp\/v2\/comments?post=1468"}],"version-history":[{"count":10,"href":"https:\/\/pinkmate.vn\/en\/wp-json\/wp\/v2\/pages\/1468\/revisions"}],"predecessor-version":[{"id":1521,"href":"https:\/\/pinkmate.vn\/en\/wp-json\/wp\/v2\/pages\/1468\/revisions\/1521"}],"wp:attachment":[{"href":"https:\/\/pinkmate.vn\/en\/wp-json\/wp\/v2\/media?parent=1468"}],"curies":[{"name":"wp","href":"https:\/\/api.w.org\/{rel}","templated":true}]}}