{"id":1237,"date":"2023-03-20T07:31:45","date_gmt":"2023-03-20T07:31:45","guid":{"rendered":"https:\/\/pinkmate.vn\/?post_type=product&#038;p=1237"},"modified":"2025-10-27T05:31:03","modified_gmt":"2025-10-27T05:31:03","slug":"pinkmate","status":"publish","type":"product","link":"https:\/\/pinkmate.vn\/en\/product\/pinkmate\/","title":{"rendered":"\u00c1o v\u00fa Pinkmate D\u00e0nh Cho B\u1ec7nh Nh\u00e2n \u0110o\u1ea1n Nh\u0169 Kh\u00f4ng G\u1ecdng &#8211; Ren Da"},"content":{"rendered":"<h2>Chi ti\u1ebft s\u1ea3n ph\u1ea9m<\/h2>\n<ul>\n<li>\u00c1o v\u00fa Pinkmate kh\u00f4ng g\u1ecdng \u0111\u01b0\u1ee3c thi\u1ebft k\u1ebf v\u1edbi ch\u1ea5t li\u1ec7u cotton m\u1ec1m m\u1ea1i v\u00e0 tho\u00e1ng kh\u00ed, gi\u00fap ng\u01b0\u1eddi m\u1eb7c kh\u00f4ng c\u1ea3m th\u1ea5y k\u00edch \u1ee9ng v\u00e0 \u0111au.<\/li>\n<li>Thi\u1ebft k\u1ebf bralette \u0111\u01a1n gi\u1ea3n v\u1edbi ph\u1ea7n ren m\u1ec1m m\u1ecfng, v\u1eeba che \u0111\u01b0\u1ee3c c\u00e1c v\u1ebft s\u1eb9o \u1edf ng\u1ef1c, v\u1eeba ph\u00f9 h\u1ee3p v\u1edbi m\u1ecdi d\u00e1ng ng\u1ef1c.<\/li>\n<li>Ph\u1ea7n qu\u1ea3 \u00e1o \u0111\u01b0\u1ee3c thi\u1ebft k\u1ebf v\u1edbi m\u00fat m\u1ecfng, c\u00f3 th\u00eam qu\u1ea3 \u0111\u1ed9n b\u1eb1ng v\u1ea3i cotton m\u1ec1m m\u1ea1i v\u00e0 \u0111\u01b0\u1ee3c nh\u1ed3i b\u00f4ng, c\u00f3 th\u1ec3 \u0111i\u1ec1u ch\u1ec9nh k\u00edch th\u01b0\u1edbc v\u00e0 th\u00e1o r\u1eddi khi gi\u1eb7t gi\u0169.<\/li>\n<li>D\u00e2y vai c\u00f3 th\u1ec3 \u0111i\u1ec1u ch\u1ec9nh t\u00f9y \u00fd, b\u1ea3n c\u00e0i sau \u00e1o c\u00f3 5 n\u1ea5c gi\u00fap \u0111i\u1ec1u ch\u1ec9nh ph\u00f9 h\u1ee3p v\u1edbi c\u01a1 th\u1ec3.<\/li>\n<li>B\u1ed9 \u00e1o bao g\u1ed3m 1 \u00e1o l\u00f3t v\u00e0 2 qu\u1ea3 ng\u1ef1c, c\u00f3 th\u1ec3 s\u1eed d\u1ee5ng cho ng\u01b0\u1eddi kh\u00f4ng ung th\u01b0 v\u00fa.<\/li>\n<\/ul>\n<p><img fetchpriority=\"high\" decoding=\"async\" class=\"alignnone size-full wp-image-2272\" src=\"https:\/\/pinkmate.vn\/wp-content\/uploads\/2023\/05\/artboard-1.webp\" alt=\"\" width=\"900\" height=\"900\" srcset=\"https:\/\/pinkmate.vn\/wp-content\/uploads\/2023\/05\/artboard-1.webp 900w, https:\/\/pinkmate.vn\/wp-content\/uploads\/2023\/05\/artboard-1-300x300.webp 300w, https:\/\/pinkmate.vn\/wp-content\/uploads\/2023\/05\/artboard-1-150x150.webp 150w, https:\/\/pinkmate.vn\/wp-content\/uploads\/2023\/05\/artboard-1-768x768.webp 768w, https:\/\/pinkmate.vn\/wp-content\/uploads\/2023\/05\/artboard-1-12x12.webp 12w, https:\/\/pinkmate.vn\/wp-content\/uploads\/2023\/05\/artboard-1-600x600.webp 600w, https:\/\/pinkmate.vn\/wp-content\/uploads\/2023\/05\/artboard-1-100x100.webp 100w, https:\/\/pinkmate.vn\/wp-content\/uploads\/2023\/05\/artboard-1-50x50.webp 50w\" sizes=\"(max-width: 900px) 100vw, 900px\" \/><\/p>\n<p>V\u1edbi thi\u1ebft k\u1ebf \u0111\u01a1n gi\u1ea3n v\u00e0 ch\u1ea5t li\u1ec7u v\u1ea3i m\u1ec1m m\u1ea1i, tho\u00e1ng kh\u00ed v\u00e0 kh\u00f4ng g\u00e2y k\u00edch \u1ee9ng. Chi\u1ebfc \u00e1o kh\u00f4ng c\u1ecd s\u00e1t v\u00e0o c\u00e1c v\u1ebft s\u1eb9o v\u00e0 kh\u00f4ng g\u00e2y \u0111au \u0111\u1edbn cho ng\u01b0\u1eddi m\u1eb7c.<\/p>\n<p>Thi\u1ebft k\u1ebf c\u1ee7a Pinkmate c\u00f2n c\u00f3 nhi\u1ec1u t\u00ednh n\u0103ng h\u1eefu \u00edch kh\u00e1c nh\u01b0 v\u1eeba v\u1eb7n v\u00e0 t\u00f4n d\u00e1ng, c\u00f3 th\u1ec3 \u0111i\u1ec1u ch\u1ec9nh k\u00edch th\u01b0\u1edbc v\u00e0 gi\u1ea5u \u0111i c\u00e1c v\u1ebft s\u1eb9o. Qu\u1ea3 ng\u1ef1c \u0111\u01b0\u1ee3c may b\u1eb1ng cotton 4 chi\u1ec1u v\u00e0 c\u00f3 th\u1ec3 \u0111i\u1ec1u ch\u1ec9nh t\u0103ng gi\u1ea3m k\u00edch th\u01b0\u1edbc, c\u00f9ng v\u1edbi bao v\u1ecf \u0111\u1eadu xanh gi\u00fap t\u1ea1o tr\u1ecdng l\u1ef1c v\u00e0 gi\u1eef cho qu\u1ea3 ng\u1ef1c kh\u00f4ng b\u1ecb x\u00f4 l\u1ec7ch trong qu\u00e1 tr\u00ecnh ho\u1ea1t \u0111\u1ed9ng th\u01b0\u1eddng ng\u00e0y.<\/p>\n<p>Thi\u1ebft k\u1ebf Bralette gi\u1ea3n d\u1ecb, ph\u1ed1i ren m\u1ecfng mang l\u1ea1i c\u1ea3m gi\u00e1c t\u1ef1 tin v\u00e0 tho\u1ea3i m\u00e1i cho ng\u01b0\u1eddi m\u1eb7c.<\/p>\n<p>Set \u00e1o bao g\u1ed3m: 1 \u00e1o l\u00f3t v\u00e0 2 qu\u1ea3 ng\u1ef1c (v\u1ecf qu\u1ea3 v\u00e0 b\u00f4ng \u0111\u1ec7m), ho\u00e0n to\u00e0n d\u00f9ng \u0111\u01b0\u1ee3c cho ng\u01b0\u1eddi kh\u00f4ng m\u1eafc ung th\u01b0 v\u00fa.<\/p>","protected":false},"excerpt":{"rendered":"<p>Chi ti\u1ebft s\u1ea3n ph\u1ea9m \u00c1o v\u00fa Pinkmate kh\u00f4ng g\u1ecdng \u0111\u01b0\u1ee3c thi\u1ebft k\u1ebf v\u1edbi ch\u1ea5t li\u1ec7u cotton m\u1ec1m m\u1ea1i v\u00e0 tho\u00e1ng kh\u00ed, gi\u00fap ng\u01b0\u1eddi m\u1eb7c kh\u00f4ng c\u1ea3m th\u1ea5y k\u00edch \u1ee9ng v\u00e0 \u0111au. Thi\u1ebft k\u1ebf bralette \u0111\u01a1n gi\u1ea3n v\u1edbi ph\u1ea7n ren m\u1ec1m m\u1ecfng, v\u1eeba che \u0111\u01b0\u1ee3c c\u00e1c v\u1ebft s\u1eb9o \u1edf ng\u1ef1c, v\u1eeba ph\u00f9 h\u1ee3p v\u1edbi m\u1ecdi d\u00e1ng [&hellip;]<\/p>","protected":false},"featured_media":2457,"comment_status":"open","ping_status":"closed","template":"","meta":[],"product_cat":[43],"product_tag":[],"class_list":{"0":"post-1237","1":"product","2":"type-product","3":"status-publish","4":"has-post-thumbnail","6":"product_cat-ao-cho-benh-nhan-utv","8":"first","9":"instock","10":"shipping-taxable","11":"purchasable","12":"product-type-variable"},"_links":{"self":[{"href":"https:\/\/pinkmate.vn\/en\/wp-json\/wp\/v2\/product\/1237","targetHints":{"allow":["GET"]}}],"collection":[{"href":"https:\/\/pinkmate.vn\/en\/wp-json\/wp\/v2\/product"}],"about":[{"href":"https:\/\/pinkmate.vn\/en\/wp-json\/wp\/v2\/types\/product"}],"replies":[{"embeddable":true,"href":"https:\/\/pinkmate.vn\/en\/wp-json\/wp\/v2\/comments?post=1237"}],"version-history":[{"count":11,"href":"https:\/\/pinkmate.vn\/en\/wp-json\/wp\/v2\/product\/1237\/revisions"}],"predecessor-version":[{"id":2449,"href":"https:\/\/pinkmate.vn\/en\/wp-json\/wp\/v2\/product\/1237\/revisions\/2449"}],"wp:featuredmedia":[{"embeddable":true,"href":"https:\/\/pinkmate.vn\/en\/wp-json\/wp\/v2\/media\/2457"}],"wp:attachment":[{"href":"https:\/\/pinkmate.vn\/en\/wp-json\/wp\/v2\/media?parent=1237"}],"wp:term":[{"taxonomy":"product_cat","embeddable":true,"href":"https:\/\/pinkmate.vn\/en\/wp-json\/wp\/v2\/product_cat?post=1237"},{"taxonomy":"product_tag","embeddable":true,"href":"https:\/\/pinkmate.vn\/en\/wp-json\/wp\/v2\/product_tag?post=1237"}],"curies":[{"name":"wp","href":"https:\/\/api.w.org\/{rel}","templated":true}]}}