{"id":1962,"date":"2023-05-13T04:48:59","date_gmt":"2023-05-13T04:48:59","guid":{"rendered":"https:\/\/pinkmate.vn\/?post_type=product&#038;p=1962"},"modified":"2026-02-02T09:28:08","modified_gmt":"2026-02-02T09:28:08","slug":"ao-nguc-pinkmate-danh-cho-benh-nhan-doan-nhu-khong-gong-utv03-den","status":"publish","type":"product","link":"https:\/\/pinkmate.vn\/en\/product\/ao-nguc-pinkmate-danh-cho-benh-nhan-doan-nhu-khong-gong-utv03-den\/","title":{"rendered":"\u00c1o Ng\u1ef1c Pinkmate D\u00e0nh Cho B\u1ec7nh Nh\u00e2n \u0110o\u1ea1n Nh\u0169 Kh\u00f4ng G\u1ecdng &#8211; UTV03 &#8211; \u0110en"},"content":{"rendered":"<p>&#8211; \u00c1o Ng\u1ef1c Pinkmate D\u00e0nh Cho B\u1ec7nh Nh\u00e2n \u0110o\u1ea1n Nh\u0169 Kh\u00f4ng G\u1ecdng &#8211; UTV03 &#8211; \u0110en, thi\u1ebft k\u1ebf kh\u00f4ng g\u1ecdng gi\u00fap h\u1ea1n ch\u1ebf c\u1ea5n v\u00e0 \u0111\u1ec3 l\u1ea1i v\u1ebft h\u1eb1n n\u01a1i v\u00f9ng da nh\u1ea1y c\u1ea3m, m\u00fat m\u1ecfng 1cm may s\u1eb5n tho\u00e1ng kh\u00ed \u00f4m qu\u1ea3 nh\u1eb9 nh\u00e0ng.<\/p>\n<p>&#8211; Ph\u1ea7n ren m\u1ec1m \u0111\u1eafp cao \u00f4m tr\u1ecdn khung ng\u1ef1c gi\u00fap che \u0111i c\u00e1c v\u1ebft s\u1eb9o do ph\u1eabu thu\u1eadt v\u00e0 x\u1ea1 tr\u1ecb \u0111\u1ec3 l\u1ea1i. Ph\u1ea7n ren che c\u00f3 th\u1ec3 \u0111\u01b0\u1ee3c th\u00e1o l\u1eafp t\u00f9y \u00fd.<\/p>\n<p>&#8211; L\u1edbp l\u00f3t qu\u1ea3 \u00e1o \u0111\u01b0\u1ee3c l\u00e0m ho\u00e0n to\u00e0n 100% cotton an to\u00e0n tuy\u1ec7t \u0111\u1ed1i v\u1edbi l\u00e0n da nh\u1ea1y c\u1ea3m.<\/p>\n<p>&#8211; \u00c1o thi\u1ebft k\u1ebf c\u00f3 khe \u0111\u1ec3 th\u00eam \u0111\u01b0\u1ee3c qu\u1ea3 \u0111\u1ed9n. Ngo\u00e0i ra ph\u00eda b\u00ean trong d\u01b0\u1edbi qu\u1ea3 \u00e1o c\u00f2n \u0111\u01b0\u1ee3c thi\u1ebft k\u1ebf 1 khe nh\u1ecf d\u00f9ng \u0111\u1ec3 lu\u1ed3ng \u1ed1ng d\u1eabn tho\u00e1t m\u00e1u sau khi ph\u1eabu thu\u1eadt.<\/p>\n<p>&#8211; D\u00e2y vai: b\u1ea3n 15mm thi\u1ebft k\u1ebf thun c\u00f3 l\u00f3t th\u00eam l\u1edbp nhung m\u1ec1m tr\u00e1nh c\u1ecd s\u00e1t l\u00e0m \u0111au vai, c\u00f3 th\u00eam ph\u1ea7n t\u0103ng \u0111\u01b0a t\u00f9y \u00fd. Ngo\u00e0i ra ph\u1ea7n d\u00e2y vai to c\u00f2n gi\u00fap t\u0103ng kh\u1ea3 n\u0103ng gi\u1eef form \u00e1o khi ng\u01b0\u1eddi b\u1ec7nh c\u00f3 s\u1eed d\u1ee5ng qu\u1ea3 nh\u00e2n t\u1ea1o b\u1eb1ng silicon thay cho qu\u1ea3 b\u00f4ng.<\/p>\n<p>&#8211; Ph\u00eda sau \u00e1o l\u00e0 thi\u1ebft k\u1ebf h\u00e0ng kh\u00f3a c\u00e0i 3 n\u1ea5c 3 h\u00e0ng ch\u1eafc ch\u1eafn c\u00f3 th\u1ec3 th\u00eam \u0111\u01b0\u1ee3c m\u1eafc n\u1ed1i c\u00e0i khi c\u1ea7n n\u1edbi r\u1ed9ng. B\u1ea3n l\u01b0ng ng\u1eafn gi\u00fap ng\u01b0\u1eddi b\u1ec7nh d\u1ec5 d\u00e0ng thao t\u00e1c.<\/p>\n<p>&#8211; B\u1ed9 s\u1ea3n ph\u1ea9m bao g\u1ed3m : \u00e1o + qu\u1ea3 \u00e1o k\u00e8m b\u00f4ng + ren \u0111\u1eafp ng\u1ef1c + m\u1eafc n\u1ed1i.<\/p>\n<h2>C\u00c1CH X\u00c1C \u0110\u1ecaNH S\u1ed0 \u0110O<\/h2>\n<p>B\u01b0\u1edbc 1: \u0110o v\u00f2ng qu\u1ea3 xung quanh \u0111\u1ea7u ng\u1ef1c, l\u1ea5y th\u00f4ng s\u1ed1 cm<\/p>\n<p>B\u01b0\u1edbc 2: \u0110o v\u00f2ng ch\u00e2n ng\u1ef1c ngay d\u01b0\u1edbi qu\u1ea3, l\u1ea5y th\u00f4ng s\u1ed1 cm<\/p>\n<p>Sau khi \u0111o, c\u00e1c ch\u1ecb \u0111\u1eb9p so theo s\u1ed1 \u0111o c\u1ee7a b\u1ea3ng size b\u00ean d\u01b0\u1edbi \u0111\u1ec3 ch\u1ecdn size cho ch\u00ednh x\u00e1c nh\u00e9:<\/p>\n<p>S\/32\/A-B70<\/p>\n<p>M\/34\/A-B75<\/p>\n<p>L\/36\/A-B80<\/p>\n<p>XL\/36\/A-B85<\/p>\n<p>XXL\/38\/A-B90<\/p>\n<p><img fetchpriority=\"high\" decoding=\"async\" class=\"alignnone size-full wp-image-2272\" src=\"https:\/\/pinkmate.vn\/wp-content\/uploads\/2023\/05\/artboard-1.webp\" alt=\"\" width=\"900\" height=\"900\" srcset=\"https:\/\/pinkmate.vn\/wp-content\/uploads\/2023\/05\/artboard-1.webp 900w, https:\/\/pinkmate.vn\/wp-content\/uploads\/2023\/05\/artboard-1-300x300.webp 300w, https:\/\/pinkmate.vn\/wp-content\/uploads\/2023\/05\/artboard-1-150x150.webp 150w, https:\/\/pinkmate.vn\/wp-content\/uploads\/2023\/05\/artboard-1-768x768.webp 768w, https:\/\/pinkmate.vn\/wp-content\/uploads\/2023\/05\/artboard-1-12x12.webp 12w, https:\/\/pinkmate.vn\/wp-content\/uploads\/2023\/05\/artboard-1-600x600.webp 600w, https:\/\/pinkmate.vn\/wp-content\/uploads\/2023\/05\/artboard-1-100x100.webp 100w, https:\/\/pinkmate.vn\/wp-content\/uploads\/2023\/05\/artboard-1-50x50.webp 50w\" sizes=\"(max-width: 900px) 100vw, 900px\" \/><\/p>\n<h2>C\u00c1CH B\u1ea2O QU\u1ea2N \u00c1O<\/h2>\n<p>&#8211; Khuy\u1ebfn kh\u00edch gi\u1eb7t tay v\u1edbi n\u01b0\u1edbc \u1ea5m, d\u1ea7u g\u1ed9i \u0111\u1ea7u ho\u1eb7c dung d\u1ecbch v\u1ec7 sinh ph\u1ee5 n\u1eef.<\/p>\n<p>&#8211; N\u00ean ph\u00e2n lo\u1ea1i m\u00e0u s\u1eafc t\u00e1ch ri\u00eang \u0111\u1ed3 tr\u1eafng v\u00e0 \u0111\u1ed3 m\u00e0u ( \u0111\u1eb7c bi\u1ec7t l\u00e0 \u0111\u1ed3 m\u00e0u \u0111\u1ecf) \u0111\u1ec3 gi\u1eb7t v\u00e0 kh\u00f4ng gi\u1eb7t c\u00f9ng nhau<\/p>\n<p>&#8211; Kh\u00f4ng n\u00ean gi\u1eb7t m\u00e1y v\u00e0 gi\u1eb7t cung v\u1edbi c\u00e1c \u0111\u1ed3 th\u1eddi trang kh\u00e1c \u0111\u1ec3 \u0111\u1ea3m b\u1ea3o tu\u00f4\u1ec9 th\u1ecd c\u1ee7a s\u1ea3n ph\u1ea9m<\/p>\n<h2>CH\u0102M S\u00d3C KH\u00c1CH H\u00c0NG<\/h2>\n<p>&#8211; \u0110\u01b0\u1ee3c ki\u1ec3m tra h\u00e0ng tr\u01b0\u1edbc khi nh\u1eadn ( KH\u00d4NG SHIP TH\u1eec).<\/p>\n<p>&#8211; H\u1ed7 tr\u1ee3 \u0111\u1ed5i size\/ m\u1eabu trong v\u00f2ng 15 ng\u00e0y v\u00ec b\u1ea5t c\u1ee9 L\u00cd DO.<\/p>\n<p>&#8211; Nh\u1eadn h\u00e0ng l\u1ed7i\/ sai m\u1eabu kh\u00e1ch \u0111\u01b0\u1ee3c \u0111\u1ed5i ho\u00e0n to\u00e0n FREESHIP.<\/p>\n<p>&#8211; H\u1ed7 tr\u1ee3 l\u01b0u ti\u1ec1n mua h\u00e0ng trong v\u00f2ng 30 ng\u00e0y.<\/p>\n<p>&#8211; Kh\u00f4ng h\u1ed7 tr\u1ee3 \u0111\u1ed5i qu\u1ea7n CHIP v\u00e0 s\u1ea3n ph\u1ea9m d\u00e3 qua s\u1eed d\u1ee5ng.<\/p>","protected":false},"excerpt":{"rendered":"<h5>\u0110\u1eb7c t\u00ednh s\u1ea3n ph\u1ea9m<\/h5>\n<ul>\n<li>Cup B\/C<\/li>\n<li>M\u00fat: 1cm l\u1edbp l\u00f3t qu\u1ea3 \u00e1o \u0111\u01b0\u1ee3c l\u00e0m t\u1eeb 100 % cotton an to\u00e0n khi ti\u1ebfp x\u00fac tr\u1ef1c ti\u1ebfp v\u1edbi da<\/li>\n<li>Kh\u1ea3 n\u0103ng co gi\u00e3n t\u1ed1t<\/li>\n<\/ul>\n<h5>Ch\u1ea5t li\u1ec7u<\/h5>\n<ul>\n<li>90% Polyamide, 10% Elastane<\/li>\n<li>Co gi\u00e3n, th\u1ea5m h\u00fat m\u1ed3 h\u00f4i<\/li>\n<\/ul>\n<h5>Chi ti\u1ebft s\u1ea3n ph\u1ea9m<\/h5>\n<ul>\n<li>D\u00e2y vai: 15mm thi\u1ebft k\u1ebf thun l\u00f3t th\u00eam l\u1edbp v\u1ea3i nhung m\u1ec1m, t\u0103ng \u0111\u01b0a t\u00f9y \u00fd\n<ul>\n<li>\u0110\u1ed9 d\u00e0y: 1.22mm<\/li>\n<li>\u0110\u1ed9 co r\u00fat: 1m &#8211; 99cm\/24h<\/li>\n<li>\u0110\u1ed9 \u0111\u00e0n h\u1ed3i: 1 &#8211; 1,93<\/li>\n<\/ul>\n<\/li>\n<li>Ph\u00eda sau l\u00e0 b\u1ea3ng kh\u00f3a c\u00e0i 3 n\u1ea5c 3 h\u00e0ng<\/li>\n<li>L\u1edbp l\u00f3t qu\u1ea3 \u00e1o \u0111\u01b0\u1ee3c l\u00e0m t\u1eeb 100 % cotton an to\u00e0n khi ti\u1ebfp x\u00fac v\u1edbi da<\/li>\n<\/ul>","protected":false},"featured_media":2105,"comment_status":"open","ping_status":"closed","template":"","meta":[],"product_cat":[43],"product_tag":[],"class_list":{"0":"post-1962","1":"product","2":"type-product","3":"status-publish","4":"has-post-thumbnail","6":"product_cat-ao-cho-benh-nhan-utv","8":"first","9":"instock","10":"shipping-taxable","11":"purchasable","12":"product-type-variable"},"_links":{"self":[{"href":"https:\/\/pinkmate.vn\/en\/wp-json\/wp\/v2\/product\/1962","targetHints":{"allow":["GET"]}}],"collection":[{"href":"https:\/\/pinkmate.vn\/en\/wp-json\/wp\/v2\/product"}],"about":[{"href":"https:\/\/pinkmate.vn\/en\/wp-json\/wp\/v2\/types\/product"}],"replies":[{"embeddable":true,"href":"https:\/\/pinkmate.vn\/en\/wp-json\/wp\/v2\/comments?post=1962"}],"version-history":[{"count":10,"href":"https:\/\/pinkmate.vn\/en\/wp-json\/wp\/v2\/product\/1962\/revisions"}],"predecessor-version":[{"id":2466,"href":"https:\/\/pinkmate.vn\/en\/wp-json\/wp\/v2\/product\/1962\/revisions\/2466"}],"wp:featuredmedia":[{"embeddable":true,"href":"https:\/\/pinkmate.vn\/en\/wp-json\/wp\/v2\/media\/2105"}],"wp:attachment":[{"href":"https:\/\/pinkmate.vn\/en\/wp-json\/wp\/v2\/media?parent=1962"}],"wp:term":[{"taxonomy":"product_cat","embeddable":true,"href":"https:\/\/pinkmate.vn\/en\/wp-json\/wp\/v2\/product_cat?post=1962"},{"taxonomy":"product_tag","embeddable":true,"href":"https:\/\/pinkmate.vn\/en\/wp-json\/wp\/v2\/product_tag?post=1962"}],"curies":[{"name":"wp","href":"https:\/\/api.w.org\/{rel}","templated":true}]}}